{"id":2,"date":"2025-08-10T00:13:33","date_gmt":"2025-08-10T03:13:33","guid":{"rendered":"https:\/\/narracioninteractiva.comunicaciones.uc.cl\/2025\/s2\/grupo16\/?page_id=2"},"modified":"2025-10-22T08:53:25","modified_gmt":"2025-10-22T11:53:25","slug":"pagina-de-ejemplo","status":"publish","type":"page","link":"https:\/\/periodismodeportivo.comunicaciones.uc.cl\/","title":{"rendered":"Equipo"},"content":{"rendered":"\n<p>24 estudiantes asumieron el desaf\u00edo de cubrir un evento que por segunda vez se realiza en Chile. \u00c9ste es su sitio de experimentaci\u00f3n, administrado por el profesor <a href=\"https:\/\/comunicaciones.uc.cl\/facultad\/personas\/david-osorio-schmied\/\" data-type=\"link\" data-id=\"https:\/\/comunicaciones.uc.cl\/facultad\/personas\/david-osorio-schmied\/\" target=\"_blank\" rel=\"noreferrer noopener\">David Osorio<\/a> y la colaboraci\u00f3n del ayudante Crist\u00f3bal Navarro.<\/p>\n\n\n\n<figure class=\"wp-block-image size-large\"><img loading=\"lazy\" decoding=\"async\" width=\"1024\" height=\"385\" src=\"https:\/\/periodismodeportivo.comunicaciones.uc.cl\/wp-content\/uploads\/2025\/09\/IMG_1592-1024x385.jpg\" alt=\"Una muestra del entusiasmo inicial.\" class=\"wp-image-526\" title=\"Entusiasmo en clase inicial\" srcset=\"https:\/\/periodismodeportivo.comunicaciones.uc.cl\/wp-content\/uploads\/2025\/09\/IMG_1592-1024x385.jpg 1024w, https:\/\/periodismodeportivo.comunicaciones.uc.cl\/wp-content\/uploads\/2025\/09\/IMG_1592-300x113.jpg 300w, https:\/\/periodismodeportivo.comunicaciones.uc.cl\/wp-content\/uploads\/2025\/09\/IMG_1592-768x289.jpg 768w, https:\/\/periodismodeportivo.comunicaciones.uc.cl\/wp-content\/uploads\/2025\/09\/IMG_1592-1536x577.jpg 1536w, https:\/\/periodismodeportivo.comunicaciones.uc.cl\/wp-content\/uploads\/2025\/09\/IMG_1592-2048x769.jpg 2048w, https:\/\/periodismodeportivo.comunicaciones.uc.cl\/wp-content\/uploads\/2025\/09\/IMG_1592-1200x451.jpg 1200w, https:\/\/periodismodeportivo.comunicaciones.uc.cl\/wp-content\/uploads\/2025\/09\/IMG_1592-1980x744.jpg 1980w\" sizes=\"auto, (max-width: 706px) 89vw, (max-width: 767px) 82vw, 740px\" \/><figcaption class=\"wp-element-caption\">Una muestra del entusiasmo inicial.<\/figcaption><\/figure>\n\n\n\n<p><\/p>\n","protected":false},"excerpt":{"rendered":"<p>24 estudiantes asumieron el desaf\u00edo de cubrir un evento que por segunda vez se realiza en Chile. \u00c9ste es su sitio de experimentaci\u00f3n, administrado por el profesor David Osorio y la colaboraci\u00f3n del ayudante Crist\u00f3bal Navarro.<\/p>\n","protected":false},"author":1,"featured_media":0,"parent":0,"menu_order":0,"comment_status":"closed","ping_status":"open","template":"","meta":{"footnotes":""},"class_list":["post-2","page","type-page","status-publish","hentry"],"_links":{"self":[{"href":"https:\/\/periodismodeportivo.comunicaciones.uc.cl\/index.php\/wp-json\/wp\/v2\/pages\/2","targetHints":{"allow":["GET"]}}],"collection":[{"href":"https:\/\/periodismodeportivo.comunicaciones.uc.cl\/index.php\/wp-json\/wp\/v2\/pages"}],"about":[{"href":"https:\/\/periodismodeportivo.comunicaciones.uc.cl\/index.php\/wp-json\/wp\/v2\/types\/page"}],"author":[{"embeddable":true,"href":"https:\/\/periodismodeportivo.comunicaciones.uc.cl\/index.php\/wp-json\/wp\/v2\/users\/1"}],"replies":[{"embeddable":true,"href":"https:\/\/periodismodeportivo.comunicaciones.uc.cl\/index.php\/wp-json\/wp\/v2\/comments?post=2"}],"version-history":[{"count":5,"href":"https:\/\/periodismodeportivo.comunicaciones.uc.cl\/index.php\/wp-json\/wp\/v2\/pages\/2\/revisions"}],"predecessor-version":[{"id":531,"href":"https:\/\/periodismodeportivo.comunicaciones.uc.cl\/index.php\/wp-json\/wp\/v2\/pages\/2\/revisions\/531"}],"wp:attachment":[{"href":"https:\/\/periodismodeportivo.comunicaciones.uc.cl\/index.php\/wp-json\/wp\/v2\/media?parent=2"}],"curies":[{"name":"wp","href":"https:\/\/api.w.org\/{rel}","templated":true}]}}